{"id":6369,"date":"2023-12-16T16:29:53","date_gmt":"2023-12-16T13:29:53","guid":{"rendered":"http:\/\/www.anadolupatent.com.tr\/domain-name\/"},"modified":"2025-01-29T14:38:55","modified_gmt":"2025-01-29T11:38:55","slug":"domain-name","status":"publish","type":"page","link":"http:\/\/www.anadolupatent.com.tr\/en\/domain-name\/","title":{"rendered":"Domain Name and Dispute"},"content":{"rendered":"<div class=\"fusion-fullwidth fullwidth-box fusion-builder-row-1 fusion-flex-container has-pattern-background has-mask-background nonhundred-percent-fullwidth non-hundred-percent-height-scrolling fusion-animated\" style=\"--awb-background-position:center top;--awb-border-sizes-top:0px;--awb-border-sizes-bottom:0px;--awb-border-sizes-left:0px;--awb-border-sizes-right:0px;--awb-border-radius-top-left:0px;--awb-border-radius-top-right:0px;--awb-border-radius-bottom-right:0px;--awb-border-radius-bottom-left:0px;--awb-padding-top:0px;--awb-padding-bottom:0px;--awb-margin-bottom:30px;--awb-margin-bottom-medium:80px;--awb-margin-bottom-small:60px;--awb-flex-wrap:wrap;\" data-animationType=\"fadeInUp\" data-animationDuration=\"1.3\" data-animationOffset=\"top-into-view\" ><div class=\"fusion-builder-row fusion-row fusion-flex-align-items-flex-start fusion-flex-content-wrap\" style=\"max-width:calc( 1170px + 60px );margin-left: calc(-60px \/ 2 );margin-right: calc(-60px \/ 2 );\"><div class=\"fusion-layout-column fusion_builder_column fusion-builder-column-0 fusion_builder_column_1_2 1_2 fusion-flex-column fusion-flex-align-self-flex-start fusion-column-no-min-height\" style=\"--awb-bg-blend:overlay;--awb-bg-size:cover;--awb-width-large:50%;--awb-margin-top-large:0px;--awb-spacing-right-large:calc( 0.04 * calc( 100% - 60px ) );--awb-margin-bottom-large:65px;--awb-spacing-left-large:30px;--awb-width-medium:100%;--awb-spacing-right-medium:30px;--awb-spacing-left-medium:30px;--awb-width-small:100%;--awb-spacing-right-small:30px;--awb-spacing-left-small:30px;\"><div class=\"fusion-column-wrapper fusion-flex-justify-content-flex-start fusion-content-layout-column\"><div class=\"fusion-text fusion-text-1\"><div class=\"fusion-text fusion-text-2\">\n<h2>What is a domain name?<\/h2>\n<p>It is the system that reflects your business and brand on the internet. Along with your trademark registration, the reservation and allocation process of your .com.tr and .com extension domain names reflecting your corporate identity and brand is provided.<\/p>\n<ul>\n<li>Generic domain names: .com, .net, .org, etc.<\/li>\n<li>Domain names with country code extension: .com.tr, .istanbul, .ist, .co.uk, .eu, etc.<\/li>\n<\/ul>\n<div class=\"fusion-text fusion-text-3\"><\/div>\n<\/div>\n<\/div><div class=\"fusion-text fusion-text-2\"><div class=\"fusion-text fusion-text-2\">\n<div class=\"fusion-text fusion-text-3\">\n<h2>Advantages of domain name allocation?<\/h2>\n<ul>\n<li>With the domain name allocation process, you open up to the world on the internet.<\/li>\n<li>Protects your business and brand against unregistered trademarks and counterfeits.<\/li>\n<li>It eliminates risks against your competitors in your commercial life.<\/li>\n<li>It increases the value of your brand and the competitiveness of your business.<\/li>\n<li>It creates the opportunity to use corporate email.<\/li>\n<li>It increases the promotion and advertising opportunities of your business and brand.<\/li>\n<\/ul>\n<\/div>\n<\/div>\n<\/div><div class=\"fusion-text fusion-text-3\"><div class=\"fusion-text fusion-text-2\">\n<div class=\"fusion-text fusion-text-3\">\n<h2>Domain name dispute resolution<\/h2>\n<ul>\n<li>When someone else takes a phrase that you think belongs to you as a domain name, applications can be prepared in the light of the necessary documents before WIPO or Dispute Resolution Service Providers (DSPs) in Turkey and complaints can be filed through our lawyers.<\/li>\n<\/ul>\n<\/div>\n<\/div>\n<\/div><\/div><\/div><div class=\"fusion-layout-column fusion_builder_column fusion-builder-column-1 fusion_builder_column_1_2 1_2 fusion-flex-column\" style=\"--awb-bg-blend:overlay;--awb-bg-size:cover;--awb-width-large:50%;--awb-margin-top-large:0px;--awb-spacing-right-large:calc( 0.04 * calc( 100% - 60px ) );--awb-margin-bottom-large:60px;--awb-spacing-left-large:30px;--awb-width-medium:33.333333333333%;--awb-spacing-right-medium:calc( 0.06 * calc( 100% - 60px ) );--awb-spacing-left-medium:30px;--awb-width-small:100%;--awb-spacing-right-small:30px;--awb-margin-bottom-small:60px;--awb-spacing-left-small:30px;\"><div class=\"fusion-column-wrapper fusion-flex-justify-content-flex-start fusion-content-layout-column\"><div class=\"fusion-title title fusion-title-1 fusion-title-text fusion-title-size-two\" style=\"--awb-margin-top-small:0px;--awb-margin-bottom-small:20px;\"><div class=\"title-sep-container title-sep-container-left fusion-no-large-visibility fusion-no-medium-visibility fusion-no-small-visibility\"><div class=\"title-sep sep- sep-solid\" style=\"border-color:var(--awb-color3);\"><\/div><\/div><span class=\"awb-title-spacer fusion-no-large-visibility fusion-no-medium-visibility fusion-no-small-visibility\"><\/span><h2 class=\"fusion-title-heading title-heading-left fusion-responsive-typography-calculated\" style=\"margin:0;text-transform:capitalize;--fontSize:42;line-height:var(--awb-typography1-line-height);\">Anadolu Patent Services<\/h2><span class=\"awb-title-spacer\"><\/span><div class=\"title-sep-container title-sep-container-right\"><div class=\"title-sep sep- sep-solid\" style=\"border-color:var(--awb-color3);\"><\/div><\/div><\/div><div class=\"accordian fusion-accordian\" style=\"--awb-border-size:1px;--awb-icon-size:16px;--awb-content-font-size:19px;--awb-icon-alignment:left;--awb-hover-color:var(--awb-color2);--awb-border-color:var(--awb-color3);--awb-background-color:var(--awb-color1);--awb-divider-color:var(--awb-color2);--awb-divider-hover-color:var(--awb-color2);--awb-icon-color:var(--awb-color1);--awb-title-color:hsla(var(--awb-color8-h),var(--awb-color8-s),calc( var(--awb-color8-l) + 20% ),var(--awb-color8-a));--awb-content-color:var(--awb-color7);--awb-icon-box-color:var(--awb-color6);--awb-toggle-hover-accent-color:var(--awb-color4);--awb-title-font-family:&quot;Roboto Slab&quot;;--awb-title-font-weight:300;--awb-title-font-style:normal;--awb-title-font-size:18px;--awb-content-font-family:&quot;Roboto&quot;;--awb-content-font-style:normal;--awb-content-font-weight:300;\"><div class=\"panel-group fusion-toggle-icon-boxed\" id=\"accordion-6369-1\"><div class=\"fusion-panel panel-default panel-58972d9132d13631d fusion-toggle-has-divider\" style=\"--awb-title-color:hsla(var(--awb-color8-h),var(--awb-color8-s),calc( var(--awb-color8-l) + 20% ),var(--awb-color8-a));--awb-content-color:var(--awb-color7);\"><div class=\"panel-heading\"><h4 class=\"panel-title toggle\" id=\"toggle_58972d9132d13631d\"><a aria-expanded=\"false\" aria-controls=\"58972d9132d13631d\" role=\"button\" data-toggle=\"collapse\" data-parent=\"#accordion-6369-1\" data-target=\"#58972d9132d13631d\" href=\"#58972d9132d13631d\"><span class=\"fusion-toggle-icon-wrapper\" aria-hidden=\"true\"><i class=\"fa-fusion-box active-icon fa-times fas\" aria-hidden=\"true\"><\/i><i class=\"fa-fusion-box inactive-icon fa-plus fas\" aria-hidden=\"true\"><\/i><\/span><span class=\"fusion-toggle-heading\">Preliminary Research<\/span><\/a><\/h4><\/div><div id=\"58972d9132d13631d\" class=\"panel-collapse collapse \" aria-labelledby=\"toggle_58972d9132d13631d\"><div class=\"panel-body toggle-content fusion-clearfix\">\n<div id=\"tab-679b6db445b48e9cbb3\" class=\"tab-pane fade fusion-clearfix active in\" tabindex=\"0\" role=\"tabpanel\" aria-labelledby=\"fusion-tab-ara\u015ft\u0131rma\">\n<div id=\"tab-c22b4e913929a7cb771\" class=\"tab-pane fade fusion-clearfix active in\" tabindex=\"0\" role=\"tabpanel\" aria-labelledby=\"fusion-tab-ara\u015ft\u0131rma\">\n<p>Domain name search is the first and most important step in the domain name allocation process.<\/p>\n<p>First of all, search will be carried out on previous records by submitting your brand that you consider as a domain name to us. With this search, it will be determined whether the domain name requested to be allocated was previously registered in the name of someone else. In this way, possible risks can be analyzed before the application phase and alternative solutions can be offered by drawing a road map.<\/p>\n<\/div>\n<\/div>\n<\/div><\/div><\/div><div class=\"fusion-panel panel-default panel-9d70fcd3e9eed6d81 fusion-toggle-has-divider\" style=\"--awb-title-color:hsla(var(--awb-color8-h),var(--awb-color8-s),calc( var(--awb-color8-l) + 20% ),var(--awb-color8-a));--awb-content-color:var(--awb-color7);\"><div class=\"panel-heading\"><h4 class=\"panel-title toggle\" id=\"toggle_9d70fcd3e9eed6d81\"><a aria-expanded=\"false\" aria-controls=\"9d70fcd3e9eed6d81\" role=\"button\" data-toggle=\"collapse\" data-parent=\"#accordion-6369-1\" data-target=\"#9d70fcd3e9eed6d81\" href=\"#9d70fcd3e9eed6d81\"><span class=\"fusion-toggle-icon-wrapper\" aria-hidden=\"true\"><i class=\"fa-fusion-box active-icon fa-times fas\" aria-hidden=\"true\"><\/i><i class=\"fa-fusion-box inactive-icon fa-plus fas\" aria-hidden=\"true\"><\/i><\/span><span class=\"fusion-toggle-heading\">Application and Allocation<\/span><\/a><\/h4><\/div><div id=\"9d70fcd3e9eed6d81\" class=\"panel-collapse collapse \" aria-labelledby=\"toggle_9d70fcd3e9eed6d81\"><div class=\"panel-body toggle-content fusion-clearfix\">\n<div id=\"tab-679b6db445b48e9cbb3\" class=\"tab-pane fade fusion-clearfix active in\" tabindex=\"0\" role=\"tabpanel\" aria-labelledby=\"fusion-tab-ara\u015ft\u0131rma\">\n<div id=\"tab-dbf95cd2ebe29ba3322\" class=\"tab-pane fade fusion-clearfix active in\" tabindex=\"0\" role=\"tabpanel\" aria-labelledby=\"fusion-tab-tahsis\">\n<p>If there is no negativity as a result of the search, the domain name allocation is provided for 1-10 years by making an application. If the domain name requires special conditions and documents, these must be completed before the domain name application.<\/p>\n<ul>\n<li>For .com.tr domain names and .com domain names, trademark registration is not required, the principle of first-come-first-served is applied.<\/li>\n<\/ul>\n<p>Please inquire for other domains.<\/p>\n<\/div>\n<\/div>\n<\/div><\/div><\/div><div class=\"fusion-panel panel-default panel-1a6604de57b70c4c2 fusion-toggle-has-divider\" style=\"--awb-title-color:hsla(var(--awb-color8-h),var(--awb-color8-s),calc( var(--awb-color8-l) + 20% ),var(--awb-color8-a));--awb-content-color:var(--awb-color7);\"><div class=\"panel-heading\"><h4 class=\"panel-title toggle\" id=\"toggle_1a6604de57b70c4c2\"><a aria-expanded=\"false\" aria-controls=\"1a6604de57b70c4c2\" role=\"button\" data-toggle=\"collapse\" data-parent=\"#accordion-6369-1\" data-target=\"#1a6604de57b70c4c2\" href=\"#1a6604de57b70c4c2\"><span class=\"fusion-toggle-icon-wrapper\" aria-hidden=\"true\"><i class=\"fa-fusion-box active-icon fa-times fas\" aria-hidden=\"true\"><\/i><i class=\"fa-fusion-box inactive-icon fa-plus fas\" aria-hidden=\"true\"><\/i><\/span><span class=\"fusion-toggle-heading\">WIPmark\u00ae Monitoring<\/span><\/a><\/h4><\/div><div id=\"1a6604de57b70c4c2\" class=\"panel-collapse collapse \" aria-labelledby=\"toggle_1a6604de57b70c4c2\"><div class=\"panel-body toggle-content fusion-clearfix\">\n<div id=\"tab-679b6db445b48e9cbb3\" class=\"tab-pane fade fusion-clearfix active in\" tabindex=\"0\" role=\"tabpanel\" aria-labelledby=\"fusion-tab-ara\u015ft\u0131rma\">\n<p>With our WIPmark\u00ae Monitoring Service, your domain names are monitored and protected against similar or imitations.<\/p>\n<p>For more details, please see our service page, please <a href=\"http:\/\/www.anadolupatent.com.tr\/en\/wipmark-monitoring-service\/\">click here<\/a>.<\/p>\n<\/div>\n<\/div><\/div><\/div><div class=\"fusion-panel panel-default panel-03c38bd7ff9c23831 fusion-toggle-has-divider\" style=\"--awb-title-color:hsla(var(--awb-color8-h),var(--awb-color8-s),calc( var(--awb-color8-l) + 20% ),var(--awb-color8-a));--awb-content-color:var(--awb-color7);\"><div class=\"panel-heading\"><h4 class=\"panel-title toggle\" id=\"toggle_03c38bd7ff9c23831\"><a aria-expanded=\"false\" aria-controls=\"03c38bd7ff9c23831\" role=\"button\" data-toggle=\"collapse\" data-parent=\"#accordion-6369-1\" data-target=\"#03c38bd7ff9c23831\" href=\"#03c38bd7ff9c23831\"><span class=\"fusion-toggle-icon-wrapper\" aria-hidden=\"true\"><i class=\"fa-fusion-box active-icon fa-times fas\" aria-hidden=\"true\"><\/i><i class=\"fa-fusion-box inactive-icon fa-plus fas\" aria-hidden=\"true\"><\/i><\/span><span class=\"fusion-toggle-heading\">Legal Proceedings<\/span><\/a><\/h4><\/div><div id=\"03c38bd7ff9c23831\" class=\"panel-collapse collapse \" aria-labelledby=\"toggle_03c38bd7ff9c23831\"><div class=\"panel-body toggle-content fusion-clearfix\">\n<div id=\"tab-991678d64d8296beeb5\" class=\"tab-pane fade fusion-clearfix active in\" tabindex=\"0\" role=\"tabpanel\" aria-labelledby=\"fusion-tab-\u0130tiraz\">\n<div id=\"tab-991678d64d8296beeb5\" class=\"tab-pane fade fusion-clearfix active in\" tabindex=\"0\" role=\"tabpanel\" aria-labelledby=\"fusion-tab-\u0130tiraz\">\n<div id=\"tab-991678d64d8296beeb5\" class=\"tab-pane fade fusion-clearfix active in\" tabindex=\"0\" role=\"tabpanel\" aria-labelledby=\"fusion-tab-\u0130tiraz\">\n<div id=\"tab-991678d64d8296beeb5\" class=\"tab-pane fade fusion-clearfix active in\" tabindex=\"0\" role=\"tabpanel\" aria-labelledby=\"fusion-tab-\u0130tiraz\">\n<p>Legal actions can be taken before WIPO (gTLDs) or internet domain name dispute centres located in Turkey (*.tr extension) for the domain names you think you are entitled to.<\/p>\n<\/div>\n<\/div>\n<\/div>\n<\/div>\n<\/div><\/div><\/div><div class=\"fusion-panel panel-default panel-b018bd58f397b36a3 fusion-toggle-has-divider\" style=\"--awb-title-color:hsla(var(--awb-color8-h),var(--awb-color8-s),calc( var(--awb-color8-l) + 20% ),var(--awb-color8-a));--awb-content-color:var(--awb-color7);\"><div class=\"panel-heading\"><h4 class=\"panel-title toggle\" id=\"toggle_b018bd58f397b36a3\"><a aria-expanded=\"false\" aria-controls=\"b018bd58f397b36a3\" role=\"button\" data-toggle=\"collapse\" data-parent=\"#accordion-6369-1\" data-target=\"#b018bd58f397b36a3\" href=\"#b018bd58f397b36a3\"><span class=\"fusion-toggle-icon-wrapper\" aria-hidden=\"true\"><i class=\"fa-fusion-box active-icon fa-times fas\" aria-hidden=\"true\"><\/i><i class=\"fa-fusion-box inactive-icon fa-plus fas\" aria-hidden=\"true\"><\/i><\/span><span class=\"fusion-toggle-heading\">Renewal<\/span><\/a><\/h4><\/div><div id=\"b018bd58f397b36a3\" class=\"panel-collapse collapse \" aria-labelledby=\"toggle_b018bd58f397b36a3\"><div class=\"panel-body toggle-content fusion-clearfix\">\n<div id=\"tab-a278c38c1e4b09d98e5\" class=\"tab-pane fade fusion-clearfix active in\" tabindex=\"0\" role=\"tabpanel\" aria-labelledby=\"fusion-tab-yenileme\">\n<div id=\"tab-e4b8e94d333a24229ab\" class=\"tab-pane fade fusion-clearfix active in\" tabindex=\"0\" role=\"tabpanel\" aria-labelledby=\"fusion-tab-yenileme\">\n<p>Allocated domain names are renewed for periods of 1-10 years depending on the system and preference. Domain names that are not renewed within their term are null and void and are opened to the use of others.<\/p>\n<\/div>\n<\/div>\n<\/div><\/div><\/div><div class=\"fusion-panel panel-default panel-8be11dc049dc5b50e fusion-toggle-has-divider\" style=\"--awb-title-color:hsla(var(--awb-color8-h),var(--awb-color8-s),calc( var(--awb-color8-l) + 20% ),var(--awb-color8-a));--awb-content-color:var(--awb-color7);\"><div class=\"panel-heading\"><h4 class=\"panel-title toggle\" id=\"toggle_8be11dc049dc5b50e\"><a aria-expanded=\"false\" aria-controls=\"8be11dc049dc5b50e\" role=\"button\" data-toggle=\"collapse\" data-parent=\"#accordion-6369-1\" data-target=\"#8be11dc049dc5b50e\" href=\"#8be11dc049dc5b50e\"><span class=\"fusion-toggle-icon-wrapper\" aria-hidden=\"true\"><i class=\"fa-fusion-box active-icon fa-times fas\" aria-hidden=\"true\"><\/i><i class=\"fa-fusion-box inactive-icon fa-plus fas\" aria-hidden=\"true\"><\/i><\/span><span class=\"fusion-toggle-heading\">Portfolio Management<\/span><\/a><\/h4><\/div><div id=\"8be11dc049dc5b50e\" class=\"panel-collapse collapse \" aria-labelledby=\"toggle_8be11dc049dc5b50e\"><div class=\"panel-body toggle-content fusion-clearfix\">\n<div id=\"tab-1aab9e03694660730d0\" class=\"tab-pane fade fusion-clearfix active in\" tabindex=\"0\" role=\"tabpanel\" aria-labelledby=\"fusion-tab-s\u0131n\u0131fland\u0131rma\">\n<div id=\"tab-1aab9e03694660730d0\" class=\"tab-pane fade fusion-clearfix active in\" tabindex=\"0\" role=\"tabpanel\" aria-labelledby=\"fusion-tab-s\u0131n\u0131fland\u0131rma\">\n<div id=\"tab-679b6db445b48e9cbb3\" class=\"tab-pane fade fusion-clearfix active in\" tabindex=\"0\" role=\"tabpanel\" aria-labelledby=\"fusion-tab-ara\u015ft\u0131rma\">\n<div id=\"tab-1aab9e03694660730d0\" class=\"tab-pane fade fusion-clearfix active in\" tabindex=\"0\" role=\"tabpanel\" aria-labelledby=\"fusion-tab-s\u0131n\u0131fland\u0131rma\">All domain names belonging to your company are managed by our experts and you are prevented from losing your rights.<\/div>\n<\/div>\n<\/div>\n<\/div>\n<\/div><\/div><\/div><\/div><\/div><\/div><\/div><\/div><\/div>\n","protected":false},"excerpt":{"rendered":"","protected":false},"author":1,"featured_media":5470,"parent":0,"menu_order":0,"comment_status":"closed","ping_status":"closed","template":"100-width.php","meta":{"footnotes":""},"class_list":["post-6369","page","type-page","status-publish","has-post-thumbnail","hentry"],"yoast_head":"<!-- This site is optimized with the Yoast SEO plugin v27.3 - https:\/\/yoast.com\/product\/yoast-seo-wordpress\/ -->\n<title>Domain Name and Dispute - Anadolu Patent\u00ae | ANKARA<\/title>\n<meta name=\"robots\" content=\"index, follow, max-snippet:-1, max-image-preview:large, max-video-preview:-1\" \/>\n<link rel=\"canonical\" href=\"http:\/\/www.anadolupatent.com.tr\/en\/domain-name\/\" \/>\n<meta property=\"og:locale\" content=\"en_US\" \/>\n<meta property=\"og:type\" content=\"article\" \/>\n<meta property=\"og:title\" content=\"Domain Name and Dispute - Anadolu Patent\u00ae | ANKARA\" \/>\n<meta property=\"og:url\" content=\"http:\/\/www.anadolupatent.com.tr\/en\/domain-name\/\" \/>\n<meta property=\"og:site_name\" content=\"Anadolu Patent\u00ae | ANKARA\" \/>\n<meta property=\"article:publisher\" content=\"http:\/\/facebook.com\/patentanadolu\" \/>\n<meta property=\"article:modified_time\" content=\"2025-01-29T11:38:55+00:00\" \/>\n<meta property=\"og:image\" content=\"https:\/\/www.anadolupatent.com.tr\/wp-content\/uploads\/2023\/11\/shutterstock_167099189.jpg\" \/>\n\t<meta property=\"og:image:width\" content=\"1024\" \/>\n\t<meta property=\"og:image:height\" content=\"768\" \/>\n\t<meta property=\"og:image:type\" content=\"image\/jpeg\" \/>\n<meta name=\"twitter:card\" content=\"summary_large_image\" \/>\n<meta name=\"twitter:site\" content=\"@anadolupatent\" \/>\n<meta name=\"twitter:label1\" content=\"Est. reading time\" \/>\n\t<meta name=\"twitter:data1\" content=\"6 minutes\" \/>\n<script type=\"application\/ld+json\" class=\"yoast-schema-graph\">{\"@context\":\"https:\\\/\\\/schema.org\",\"@graph\":[{\"@type\":\"WebPage\",\"@id\":\"http:\\\/\\\/www.anadolupatent.com.tr\\\/en\\\/domain-name\\\/\",\"url\":\"http:\\\/\\\/www.anadolupatent.com.tr\\\/en\\\/domain-name\\\/\",\"name\":\"Domain Name and Dispute - Anadolu Patent\u00ae | ANKARA\",\"isPartOf\":{\"@id\":\"http:\\\/\\\/www.anadolupatent.com.tr\\\/en\\\/#website\"},\"primaryImageOfPage\":{\"@id\":\"http:\\\/\\\/www.anadolupatent.com.tr\\\/en\\\/domain-name\\\/#primaryimage\"},\"image\":{\"@id\":\"http:\\\/\\\/www.anadolupatent.com.tr\\\/en\\\/domain-name\\\/#primaryimage\"},\"thumbnailUrl\":\"http:\\\/\\\/www.anadolupatent.com.tr\\\/wp-content\\\/uploads\\\/2023\\\/11\\\/shutterstock_167099189.jpg\",\"datePublished\":\"2023-12-16T13:29:53+00:00\",\"dateModified\":\"2025-01-29T11:38:55+00:00\",\"breadcrumb\":{\"@id\":\"http:\\\/\\\/www.anadolupatent.com.tr\\\/en\\\/domain-name\\\/#breadcrumb\"},\"inLanguage\":\"en-US\",\"potentialAction\":[{\"@type\":\"ReadAction\",\"target\":[\"http:\\\/\\\/www.anadolupatent.com.tr\\\/en\\\/domain-name\\\/\"]}]},{\"@type\":\"ImageObject\",\"inLanguage\":\"en-US\",\"@id\":\"http:\\\/\\\/www.anadolupatent.com.tr\\\/en\\\/domain-name\\\/#primaryimage\",\"url\":\"http:\\\/\\\/www.anadolupatent.com.tr\\\/wp-content\\\/uploads\\\/2023\\\/11\\\/shutterstock_167099189.jpg\",\"contentUrl\":\"http:\\\/\\\/www.anadolupatent.com.tr\\\/wp-content\\\/uploads\\\/2023\\\/11\\\/shutterstock_167099189.jpg\",\"width\":1024,\"height\":768},{\"@type\":\"BreadcrumbList\",\"@id\":\"http:\\\/\\\/www.anadolupatent.com.tr\\\/en\\\/domain-name\\\/#breadcrumb\",\"itemListElement\":[{\"@type\":\"ListItem\",\"position\":1,\"name\":\"Anasayfa\",\"item\":\"https:\\\/\\\/www.anadolupatent.com.tr\\\/en\\\/\"},{\"@type\":\"ListItem\",\"position\":2,\"name\":\"Domain Name and Dispute\"}]},{\"@type\":\"WebSite\",\"@id\":\"http:\\\/\\\/www.anadolupatent.com.tr\\\/en\\\/#website\",\"url\":\"http:\\\/\\\/www.anadolupatent.com.tr\\\/en\\\/\",\"name\":\"Anadolu Patent\u00ae | ANKARA\",\"description\":\"\",\"publisher\":{\"@id\":\"http:\\\/\\\/www.anadolupatent.com.tr\\\/en\\\/#organization\"},\"potentialAction\":[{\"@type\":\"SearchAction\",\"target\":{\"@type\":\"EntryPoint\",\"urlTemplate\":\"http:\\\/\\\/www.anadolupatent.com.tr\\\/en\\\/?s={search_term_string}\"},\"query-input\":{\"@type\":\"PropertyValueSpecification\",\"valueRequired\":true,\"valueName\":\"search_term_string\"}}],\"inLanguage\":\"en-US\"},{\"@type\":\"Organization\",\"@id\":\"http:\\\/\\\/www.anadolupatent.com.tr\\\/en\\\/#organization\",\"name\":\"Anadolu Patent\u00ae | ANKARA\",\"url\":\"http:\\\/\\\/www.anadolupatent.com.tr\\\/en\\\/\",\"logo\":{\"@type\":\"ImageObject\",\"inLanguage\":\"en-US\",\"@id\":\"http:\\\/\\\/www.anadolupatent.com.tr\\\/en\\\/#\\\/schema\\\/logo\\\/image\\\/\",\"url\":\"\",\"contentUrl\":\"\",\"caption\":\"Anadolu Patent\u00ae | ANKARA\"},\"image\":{\"@id\":\"http:\\\/\\\/www.anadolupatent.com.tr\\\/en\\\/#\\\/schema\\\/logo\\\/image\\\/\"},\"sameAs\":[\"http:\\\/\\\/facebook.com\\\/patentanadolu\",\"https:\\\/\\\/x.com\\\/anadolupatent\"]}]}<\/script>\n<!-- \/ Yoast SEO plugin. -->","yoast_head_json":{"title":"Domain Name and Dispute - Anadolu Patent\u00ae | ANKARA","robots":{"index":"index","follow":"follow","max-snippet":"max-snippet:-1","max-image-preview":"max-image-preview:large","max-video-preview":"max-video-preview:-1"},"canonical":"http:\/\/www.anadolupatent.com.tr\/en\/domain-name\/","og_locale":"en_US","og_type":"article","og_title":"Domain Name and Dispute - Anadolu Patent\u00ae | ANKARA","og_url":"http:\/\/www.anadolupatent.com.tr\/en\/domain-name\/","og_site_name":"Anadolu Patent\u00ae | ANKARA","article_publisher":"http:\/\/facebook.com\/patentanadolu","article_modified_time":"2025-01-29T11:38:55+00:00","og_image":[{"width":1024,"height":768,"url":"https:\/\/www.anadolupatent.com.tr\/wp-content\/uploads\/2023\/11\/shutterstock_167099189.jpg","type":"image\/jpeg"}],"twitter_card":"summary_large_image","twitter_site":"@anadolupatent","twitter_misc":{"Est. reading time":"6 minutes"},"schema":{"@context":"https:\/\/schema.org","@graph":[{"@type":"WebPage","@id":"http:\/\/www.anadolupatent.com.tr\/en\/domain-name\/","url":"http:\/\/www.anadolupatent.com.tr\/en\/domain-name\/","name":"Domain Name and Dispute - Anadolu Patent\u00ae | ANKARA","isPartOf":{"@id":"http:\/\/www.anadolupatent.com.tr\/en\/#website"},"primaryImageOfPage":{"@id":"http:\/\/www.anadolupatent.com.tr\/en\/domain-name\/#primaryimage"},"image":{"@id":"http:\/\/www.anadolupatent.com.tr\/en\/domain-name\/#primaryimage"},"thumbnailUrl":"http:\/\/www.anadolupatent.com.tr\/wp-content\/uploads\/2023\/11\/shutterstock_167099189.jpg","datePublished":"2023-12-16T13:29:53+00:00","dateModified":"2025-01-29T11:38:55+00:00","breadcrumb":{"@id":"http:\/\/www.anadolupatent.com.tr\/en\/domain-name\/#breadcrumb"},"inLanguage":"en-US","potentialAction":[{"@type":"ReadAction","target":["http:\/\/www.anadolupatent.com.tr\/en\/domain-name\/"]}]},{"@type":"ImageObject","inLanguage":"en-US","@id":"http:\/\/www.anadolupatent.com.tr\/en\/domain-name\/#primaryimage","url":"http:\/\/www.anadolupatent.com.tr\/wp-content\/uploads\/2023\/11\/shutterstock_167099189.jpg","contentUrl":"http:\/\/www.anadolupatent.com.tr\/wp-content\/uploads\/2023\/11\/shutterstock_167099189.jpg","width":1024,"height":768},{"@type":"BreadcrumbList","@id":"http:\/\/www.anadolupatent.com.tr\/en\/domain-name\/#breadcrumb","itemListElement":[{"@type":"ListItem","position":1,"name":"Anasayfa","item":"https:\/\/www.anadolupatent.com.tr\/en\/"},{"@type":"ListItem","position":2,"name":"Domain Name and Dispute"}]},{"@type":"WebSite","@id":"http:\/\/www.anadolupatent.com.tr\/en\/#website","url":"http:\/\/www.anadolupatent.com.tr\/en\/","name":"Anadolu Patent\u00ae | ANKARA","description":"","publisher":{"@id":"http:\/\/www.anadolupatent.com.tr\/en\/#organization"},"potentialAction":[{"@type":"SearchAction","target":{"@type":"EntryPoint","urlTemplate":"http:\/\/www.anadolupatent.com.tr\/en\/?s={search_term_string}"},"query-input":{"@type":"PropertyValueSpecification","valueRequired":true,"valueName":"search_term_string"}}],"inLanguage":"en-US"},{"@type":"Organization","@id":"http:\/\/www.anadolupatent.com.tr\/en\/#organization","name":"Anadolu Patent\u00ae | ANKARA","url":"http:\/\/www.anadolupatent.com.tr\/en\/","logo":{"@type":"ImageObject","inLanguage":"en-US","@id":"http:\/\/www.anadolupatent.com.tr\/en\/#\/schema\/logo\/image\/","url":"","contentUrl":"","caption":"Anadolu Patent\u00ae | ANKARA"},"image":{"@id":"http:\/\/www.anadolupatent.com.tr\/en\/#\/schema\/logo\/image\/"},"sameAs":["http:\/\/facebook.com\/patentanadolu","https:\/\/x.com\/anadolupatent"]}]}},"_links":{"self":[{"href":"http:\/\/www.anadolupatent.com.tr\/en\/wp-json\/wp\/v2\/pages\/6369","targetHints":{"allow":["GET"]}}],"collection":[{"href":"http:\/\/www.anadolupatent.com.tr\/en\/wp-json\/wp\/v2\/pages"}],"about":[{"href":"http:\/\/www.anadolupatent.com.tr\/en\/wp-json\/wp\/v2\/types\/page"}],"author":[{"embeddable":true,"href":"http:\/\/www.anadolupatent.com.tr\/en\/wp-json\/wp\/v2\/users\/1"}],"replies":[{"embeddable":true,"href":"http:\/\/www.anadolupatent.com.tr\/en\/wp-json\/wp\/v2\/comments?post=6369"}],"version-history":[{"count":0,"href":"http:\/\/www.anadolupatent.com.tr\/en\/wp-json\/wp\/v2\/pages\/6369\/revisions"}],"wp:featuredmedia":[{"embeddable":true,"href":"http:\/\/www.anadolupatent.com.tr\/en\/wp-json\/wp\/v2\/media\/5470"}],"wp:attachment":[{"href":"http:\/\/www.anadolupatent.com.tr\/en\/wp-json\/wp\/v2\/media?parent=6369"}],"curies":[{"name":"wp","href":"https:\/\/api.w.org\/{rel}","templated":true}]}}