{"id":6471,"date":"2023-11-29T22:37:51","date_gmt":"2023-11-29T19:37:51","guid":{"rendered":"http:\/\/www.anadolupatent.com.tr\/wipmark-monitoring-service\/"},"modified":"2025-01-29T16:02:59","modified_gmt":"2025-01-29T13:02:59","slug":"wipmark-monitoring-service","status":"publish","type":"page","link":"http:\/\/www.anadolupatent.com.tr\/en\/wipmark-monitoring-service\/","title":{"rendered":"WIPmark\u00ae Watching Service"},"content":{"rendered":"<p><div class=\"fusion-fullwidth fullwidth-box fusion-builder-row-1 fusion-flex-container has-pattern-background has-mask-background nonhundred-percent-fullwidth non-hundred-percent-height-scrolling fusion-animated\" style=\"--awb-background-position:center top;--awb-border-sizes-top:0px;--awb-border-sizes-bottom:0px;--awb-border-sizes-left:0px;--awb-border-sizes-right:0px;--awb-border-radius-top-left:0px;--awb-border-radius-top-right:0px;--awb-border-radius-bottom-right:0px;--awb-border-radius-bottom-left:0px;--awb-padding-top:0px;--awb-padding-bottom:0px;--awb-margin-bottom:0px;--awb-margin-bottom-medium:80px;--awb-margin-bottom-small:60px;--awb-flex-wrap:wrap;\" data-animationType=\"fadeInUp\" data-animationDuration=\"1.3\" data-animationOffset=\"top-into-view\" ><div class=\"fusion-builder-row fusion-row fusion-flex-align-items-flex-start fusion-flex-content-wrap\" style=\"max-width:calc( 1170px + 60px );margin-left: calc(-60px \/ 2 );margin-right: calc(-60px \/ 2 );\"><div class=\"fusion-layout-column fusion_builder_column fusion-builder-column-0 fusion_builder_column_1_1 1_1 fusion-flex-column\" style=\"--awb-bg-size:cover;--awb-width-large:100%;--awb-margin-top-large:0px;--awb-spacing-right-large:30px;--awb-margin-bottom-large:20px;--awb-spacing-left-large:30px;--awb-width-medium:100%;--awb-order-medium:0;--awb-spacing-right-medium:30px;--awb-spacing-left-medium:30px;--awb-width-small:100%;--awb-order-small:0;--awb-spacing-right-small:30px;--awb-spacing-left-small:30px;\"><div class=\"fusion-column-wrapper fusion-column-has-shadow fusion-flex-justify-content-flex-start fusion-content-layout-column\"><div class=\"fusion-title title fusion-title-1 fusion-title-center fusion-title-text fusion-title-size-one\" style=\"--awb-margin-top-small:0px;--awb-margin-bottom-small:20px;\"><div class=\"title-sep-container title-sep-container-left\"><div class=\"title-sep sep- sep-solid\" style=\"border-color:var(--awb-color3);\"><\/div><\/div><span class=\"awb-title-spacer\"><\/span><h1 class=\"fusion-title-heading title-heading-center fusion-responsive-typography-calculated\" style=\"margin:0;text-transform:capitalize;--fontSize:60;line-height:var(--awb-typography1-line-height);\">WIPmark\u00ae\u00a0nedir?<\/h1><span class=\"awb-title-spacer\"><\/span><div class=\"title-sep-container title-sep-container-right\"><div class=\"title-sep sep- sep-solid\" style=\"border-color:var(--awb-color3);\"><\/div><\/div><\/div><\/div><\/div><div class=\"fusion-layout-column fusion_builder_column fusion-builder-column-1 fusion_builder_column_1_3 1_3 fusion-flex-column\" style=\"--awb-bg-size:cover;--awb-width-large:33.333333333333%;--awb-margin-top-large:0px;--awb-spacing-right-large:30px;--awb-margin-bottom-large:20px;--awb-spacing-left-large:30px;--awb-width-medium:100%;--awb-order-medium:0;--awb-spacing-right-medium:30px;--awb-spacing-left-medium:30px;--awb-width-small:100%;--awb-order-small:0;--awb-spacing-right-small:30px;--awb-spacing-left-small:30px;\"><div class=\"fusion-column-wrapper fusion-column-has-shadow fusion-flex-justify-content-flex-start fusion-content-layout-column\"><div class=\"fusion-image-element \" style=\"--awb-caption-title-font-family:var(--h2_typography-font-family);--awb-caption-title-font-weight:var(--h2_typography-font-weight);--awb-caption-title-font-style:var(--h2_typography-font-style);--awb-caption-title-size:var(--h2_typography-font-size);--awb-caption-title-transform:var(--h2_typography-text-transform);--awb-caption-title-line-height:var(--h2_typography-line-height);--awb-caption-title-letter-spacing:var(--h2_typography-letter-spacing);\"><span class=\" fusion-imageframe imageframe-none imageframe-1 hover-type-none\"><img decoding=\"async\" width=\"596\" height=\"750\" title=\"main-wipmark1\" src=\"http:\/\/www.anadolupatent.com.tr\/wp-content\/uploads\/2023\/12\/main-wipmark1.jpg\" data-orig-src=\"http:\/\/www.anadolupatent.com.tr\/wp-content\/uploads\/2023\/12\/main-wipmark1.jpg\" alt class=\"lazyload img-responsive wp-image-6742\" srcset=\"data:image\/svg+xml,%3Csvg%20xmlns%3D%27http%3A%2F%2Fwww.w3.org%2F2000%2Fsvg%27%20width%3D%27596%27%20height%3D%27750%27%20viewBox%3D%270%200%20596%20750%27%3E%3Crect%20width%3D%27596%27%20height%3D%27750%27%20fill-opacity%3D%220%22%2F%3E%3C%2Fsvg%3E\" data-srcset=\"http:\/\/www.anadolupatent.com.tr\/wp-content\/uploads\/2023\/12\/main-wipmark1-200x252.jpg 200w, http:\/\/www.anadolupatent.com.tr\/wp-content\/uploads\/2023\/12\/main-wipmark1-400x503.jpg 400w, http:\/\/www.anadolupatent.com.tr\/wp-content\/uploads\/2023\/12\/main-wipmark1.jpg 596w\" data-sizes=\"auto\" data-orig-sizes=\"(max-width: 1024px) 100vw, (max-width: 640px) 100vw, 400px\" \/><\/span><\/div><\/div><\/div><div class=\"fusion-layout-column fusion_builder_column fusion-builder-column-2 fusion_builder_column_2_3 2_3 fusion-flex-column\" style=\"--awb-bg-size:cover;--awb-width-large:66.666666666667%;--awb-margin-top-large:0px;--awb-spacing-right-large:30px;--awb-margin-bottom-large:20px;--awb-spacing-left-large:30px;--awb-width-medium:100%;--awb-order-medium:0;--awb-spacing-right-medium:30px;--awb-spacing-left-medium:30px;--awb-width-small:100%;--awb-order-small:0;--awb-spacing-right-small:30px;--awb-spacing-left-small:30px;\"><div class=\"fusion-column-wrapper fusion-column-has-shadow fusion-flex-justify-content-flex-start fusion-content-layout-column\"><div class=\"fusion-text fusion-text-1\" style=\"--awb-content-alignment:center;\"><div class=\"fusion-text fusion-text-3\">\n<p>WIPmark\u00ae, tescilleriniz i\u00e7in \u00f6zel olarak sundu\u011fumuz izleme hizmetinin ad\u0131d\u0131r.<\/p>\n<p>WIPmark\u00ae \u0130zleme Hizmeti ile, <mark class=\"fusion-highlight dark highlight1 fusion-text-has-stroke\">MARKA, TASARIM, PATENT, MOB\u0130L UYGULAMA, WEB VE ALAN ADLARI<\/mark> gibi t\u00fcm haklar\u0131n\u0131z\u0131 yurti\u00e7inde ve yurtd\u0131\u015f\u0131nda koruma alt\u0131na alabilirsiniz.<\/p>\n<p>T\u00fcrkiye ve d\u00fcnya genelinde WIPmark\u00ae \u0130zleme Hizmetimiz sayesinde markalar\u0131n\u0131z, benzer veya taklit marka ba\u015fvurular\u0131na kar\u015f\u0131 izlenir ve korunur.<\/p>\n<p>Sizinle ayn\u0131 sekt\u00f6rde faaliyet g\u00f6steren di\u011fer firmalar, tescilli haklar\u0131n\u0131za benzer ba\u015fvurularda bulunabilirler. Bu t\u00fcr olas\u0131 \u201ck\u00f6t\u00fc niyetli\u201d ve \u201ctaklit\u201d ba\u015fvurular\u0131n\u0131 engellemek amac\u0131yla, T\u00fcrkiye&#8217;de her ay T\u00dcRKPATENT taraf\u0131ndan yay\u0131mlanan b\u00fcltenlerde yer alan benzer ba\u015fvurular izlenir, raporlan\u0131r ve yap\u0131lacak itirazlarla benzerliklerden kaynaklanabilecek muhtemel ticari kay\u0131plar\u0131n\u0131z \u00f6nlenir.<\/p>\n<p>Ayn\u0131 \u015fekilde, mobil uygulama (Android ve iOS), alan adlar\u0131n\u0131z (ccTLDs ve gTLDs) ve uluslararas\u0131 ba\u015fvurular\u0131n\u0131z da WIPmark\u00ae \u0130zleme Hizmeti kapsam\u0131nda izlenir ve raporlanabilir. B\u00f6ylece, tescilli haklar\u0131n\u0131z yurtd\u0131\u015f\u0131nda da taklitlere kar\u015f\u0131 korunur ve yap\u0131lacak itirazlarla olas\u0131 ticari kay\u0131plar\u0131n\u0131z engellenir.<\/p>\n<p>Bu d\u00fczenlemelerle, WIPmark\u00ae \u0130zleme Hizmetimiz sayesinde haklar\u0131n\u0131z\u0131 etkin bir \u015fekilde koruyabilir, olas\u0131 riskleri minimuma indirebilirsiniz.<\/p>\n<\/div>\n<\/div><div class=\"fusion-reading-box-container reading-box-container-1\" style=\"--awb-title-color:var(--awb-color7);--awb-title-font-size:20px;--awb-margin-top:0px;--awb-margin-bottom:20px;\"><div class=\"reading-box reading-box-center\" style=\"background-color:var(--awb-color2);border-width:1px;border-color:rgba(226,226,226,0);border-left-width:3px;border-left-color:var(--primary_color);border-style:solid;\"><h2>Remember, building and maintaining brand awareness requires continuity!<\/h2><\/div><\/div><\/div><\/div><\/div><\/div><div class=\"fusion-fullwidth fullwidth-box fusion-builder-row-2 fusion-flex-container has-pattern-background has-mask-background nonhundred-percent-fullwidth non-hundred-percent-height-scrolling\" style=\"--awb-border-radius-top-left:0px;--awb-border-radius-top-right:0px;--awb-border-radius-bottom-right:0px;--awb-border-radius-bottom-left:0px;--awb-padding-top:30px;--awb-padding-bottom:30px;--awb-margin-top:0px;--awb-margin-bottom:0px;--awb-background-color:var(--awb-color5);--awb-flex-wrap:wrap;\" ><div class=\"awb-background-pattern\" style=\"background-image:  url(data:image\/svg+xml;utf8,%3Csvg%20width%3D%2240%22%20height%3D%2240%22%20fill%3D%22none%22%20xmlns%3D%22http%3A%2F%2Fwww.w3.org%2F2000%2Fsvg%22%3E%3Cpath%20fill-rule%3D%22evenodd%22%20clip-rule%3D%22evenodd%22%20d%3D%22M0%2038.59l2.83-2.83%201.41%201.41L1.41%2040H0v-1.41zM0%201.4l2.83%202.83%201.41-1.41L1.41%200H0v1.41-.01zM38.59%2040l-2.83-2.83%201.41-1.41L40%2038.59V40h-1.41zM40%201.41l-2.83%202.83-1.41-1.41L38.59%200H40v1.41z%22%20fill%3D%22rgba%2833%2C35%2C38%2C1%29%22%2F%3E%3Cpath%20d%3D%22M22.83%2015.77L20%2018.6v-.01l-2.83-2.83-1.41%201.41L18.59%2020l-2.83%202.83%201.41%201.41L20%2021.41l2.83%202.83%201.41-1.41L21.41%2020l2.83-2.82-1.41-1.41z%22%20fill%3D%22rgba%2833%2C35%2C38%2C1%29%22%2F%3E%3C%2Fsvg%3E);opacity: 1 ;background-size:75px;mix-blend-mode:normal;\"><\/div><div class=\"fusion-builder-row fusion-row fusion-flex-align-items-stretch fusion-flex-justify-content-center fusion-flex-content-wrap\" style=\"max-width:1216.8px;margin-left: calc(-4% \/ 2 );margin-right: calc(-4% \/ 2 );\"><div class=\"fusion-layout-column fusion_builder_column fusion-builder-column-3 fusion_builder_column_1_1 1_1 fusion-flex-column\" style=\"--awb-bg-size:cover;--awb-width-large:100%;--awb-margin-top-large:0px;--awb-spacing-right-large:0%;--awb-margin-bottom-large:0px;--awb-spacing-left-large:0%;--awb-width-medium:100%;--awb-order-medium:0;--awb-spacing-right-medium:1.92%;--awb-spacing-left-medium:1.92%;--awb-width-small:100%;--awb-order-small:0;--awb-spacing-right-small:1.92%;--awb-spacing-left-small:1.92%;\"><div class=\"fusion-column-wrapper fusion-column-has-shadow fusion-flex-justify-content-flex-start fusion-content-layout-column\"><div class=\"fusion-builder-row fusion-builder-row-inner fusion-row fusion-flex-align-items-stretch fusion-flex-justify-content-center fusion-flex-content-wrap\" style=\"--awb-flex-grow:0;--awb-flex-grow-medium:0;--awb-flex-grow-small:0;--awb-flex-shrink:0;--awb-flex-shrink-medium:0;--awb-flex-shrink-small:0;width:104% !important;max-width:104% !important;margin-left: calc(-4% \/ 2 );margin-right: calc(-4% \/ 2 );\"><div class=\"fusion-layout-column fusion_builder_column_inner fusion-builder-nested-column-0 fusion_builder_column_inner_1_1 1_1 fusion-flex-column fusion-flex-align-self-stretch\" style=\"--awb-padding-top:10px;--awb-padding-right:10px;--awb-padding-bottom:10px;--awb-padding-left:10px;--awb-bg-size:cover;--awb-border-color:var(--awb-color1);--awb-border-top:3px;--awb-border-right:3px;--awb-border-bottom:3px;--awb-border-left:3px;--awb-border-style:solid;--awb-width-large:100%;--awb-margin-top-large:60px;--awb-spacing-right-large:1.92%;--awb-margin-bottom-large:60px;--awb-spacing-left-large:1.92%;--awb-width-medium:100%;--awb-order-medium:0;--awb-spacing-right-medium:1.92%;--awb-spacing-left-medium:1.92%;--awb-width-small:100%;--awb-order-small:0;--awb-spacing-right-small:1.92%;--awb-spacing-left-small:1.92%;\" data-scroll-devices=\"small-visibility,medium-visibility,large-visibility\"><div class=\"fusion-column-wrapper fusion-column-has-shadow fusion-flex-justify-content-center fusion-content-layout-column\"><div class=\"fusion-title title fusion-title-2 fusion-title-center fusion-title-text fusion-title-size-one\" style=\"--awb-text-color:var(--awb-color1);--awb-margin-top-small:0px;--awb-margin-bottom-small:20px;\"><div class=\"title-sep-container title-sep-container-left\"><div class=\"title-sep sep- sep-solid\" style=\"border-color:var(--awb-color3);\"><\/div><\/div><span class=\"awb-title-spacer\"><\/span><h1 class=\"fusion-title-heading title-heading-center fusion-responsive-typography-calculated\" style=\"margin:0;text-transform:capitalize;--fontSize:60;line-height:var(--awb-typography1-line-height);\">Registration only is never enough!<\/h1><span class=\"awb-title-spacer\"><\/span><div class=\"title-sep-container title-sep-container-right\"><div class=\"title-sep sep- sep-solid\" style=\"border-color:var(--awb-color3);\"><\/div><\/div><\/div><div style=\"text-align:center;\"><a class=\"fusion-button button-flat button-xlarge button-default fusion-button-default button-1 fusion-button-default-span fusion-button-default-type\" target=\"_self\" href=\"http:\/\/www.anadolupatent.com.tr\/en\/contact-us\/\"><i class=\"fa-bell fas awb-button__icon awb-button__icon--default button-icon-left\" aria-hidden=\"true\"><\/i><span class=\"fusion-button-text awb-button__text awb-button__text--default\">Request Information<\/span><\/a><\/div><div class=\"fusion-text fusion-text-2\" style=\"--awb-content-alignment:center;--awb-font-size:30px;--awb-text-color:var(--awb-color1);\"><p>click to learn more.<\/p>\n<\/div><\/div><\/div><\/div><\/div><\/div><\/div><\/div><\/p>\n","protected":false},"excerpt":{"rendered":"","protected":false},"author":1,"featured_media":5769,"parent":0,"menu_order":0,"comment_status":"closed","ping_status":"closed","template":"100-width.php","meta":{"footnotes":""},"class_list":["post-6471","page","type-page","status-publish","has-post-thumbnail","hentry"],"yoast_head":"<!-- This site is optimized with the Yoast SEO plugin v27.3 - https:\/\/yoast.com\/product\/yoast-seo-wordpress\/ -->\n<title>WIPmark\u00ae Watching Service - Anadolu Patent\u00ae | ANKARA<\/title>\n<meta name=\"robots\" content=\"index, follow, max-snippet:-1, max-image-preview:large, max-video-preview:-1\" \/>\n<link rel=\"canonical\" href=\"http:\/\/www.anadolupatent.com.tr\/en\/wipmark-monitoring-service\/\" \/>\n<meta property=\"og:locale\" content=\"en_US\" \/>\n<meta property=\"og:type\" content=\"article\" \/>\n<meta property=\"og:title\" content=\"WIPmark\u00ae Watching Service - Anadolu Patent\u00ae | ANKARA\" \/>\n<meta property=\"og:url\" content=\"http:\/\/www.anadolupatent.com.tr\/en\/wipmark-monitoring-service\/\" \/>\n<meta property=\"og:site_name\" content=\"Anadolu Patent\u00ae | ANKARA\" \/>\n<meta property=\"article:publisher\" content=\"http:\/\/facebook.com\/patentanadolu\" \/>\n<meta property=\"article:modified_time\" content=\"2025-01-29T13:02:59+00:00\" \/>\n<meta property=\"og:image\" content=\"http:\/\/www.anadolupatent.com.tr\/wp-content\/uploads\/2023\/11\/wipmark_bg.jpg\" \/>\n\t<meta property=\"og:image:width\" content=\"1072\" \/>\n\t<meta property=\"og:image:height\" content=\"672\" \/>\n\t<meta property=\"og:image:type\" content=\"image\/jpeg\" \/>\n<meta name=\"twitter:card\" content=\"summary_large_image\" \/>\n<meta name=\"twitter:site\" content=\"@anadolupatent\" \/>\n<meta name=\"twitter:label1\" content=\"Est. reading time\" \/>\n\t<meta name=\"twitter:data1\" content=\"2 minutes\" \/>\n<script type=\"application\/ld+json\" class=\"yoast-schema-graph\">{\"@context\":\"https:\\\/\\\/schema.org\",\"@graph\":[{\"@type\":\"WebPage\",\"@id\":\"http:\\\/\\\/www.anadolupatent.com.tr\\\/en\\\/wipmark-monitoring-service\\\/\",\"url\":\"http:\\\/\\\/www.anadolupatent.com.tr\\\/en\\\/wipmark-monitoring-service\\\/\",\"name\":\"WIPmark\u00ae Watching Service - Anadolu Patent\u00ae | ANKARA\",\"isPartOf\":{\"@id\":\"http:\\\/\\\/www.anadolupatent.com.tr\\\/en\\\/#website\"},\"primaryImageOfPage\":{\"@id\":\"http:\\\/\\\/www.anadolupatent.com.tr\\\/en\\\/wipmark-monitoring-service\\\/#primaryimage\"},\"image\":{\"@id\":\"http:\\\/\\\/www.anadolupatent.com.tr\\\/en\\\/wipmark-monitoring-service\\\/#primaryimage\"},\"thumbnailUrl\":\"http:\\\/\\\/www.anadolupatent.com.tr\\\/wp-content\\\/uploads\\\/2023\\\/11\\\/wipmark_bg.jpg\",\"datePublished\":\"2023-11-29T19:37:51+00:00\",\"dateModified\":\"2025-01-29T13:02:59+00:00\",\"breadcrumb\":{\"@id\":\"http:\\\/\\\/www.anadolupatent.com.tr\\\/en\\\/wipmark-monitoring-service\\\/#breadcrumb\"},\"inLanguage\":\"en-US\",\"potentialAction\":[{\"@type\":\"ReadAction\",\"target\":[\"http:\\\/\\\/www.anadolupatent.com.tr\\\/en\\\/wipmark-monitoring-service\\\/\"]}]},{\"@type\":\"ImageObject\",\"inLanguage\":\"en-US\",\"@id\":\"http:\\\/\\\/www.anadolupatent.com.tr\\\/en\\\/wipmark-monitoring-service\\\/#primaryimage\",\"url\":\"http:\\\/\\\/www.anadolupatent.com.tr\\\/wp-content\\\/uploads\\\/2023\\\/11\\\/wipmark_bg.jpg\",\"contentUrl\":\"http:\\\/\\\/www.anadolupatent.com.tr\\\/wp-content\\\/uploads\\\/2023\\\/11\\\/wipmark_bg.jpg\",\"width\":1072,\"height\":672},{\"@type\":\"BreadcrumbList\",\"@id\":\"http:\\\/\\\/www.anadolupatent.com.tr\\\/en\\\/wipmark-monitoring-service\\\/#breadcrumb\",\"itemListElement\":[{\"@type\":\"ListItem\",\"position\":1,\"name\":\"Anasayfa\",\"item\":\"https:\\\/\\\/www.anadolupatent.com.tr\\\/en\\\/\"},{\"@type\":\"ListItem\",\"position\":2,\"name\":\"WIPmark\u00ae Watching Service\"}]},{\"@type\":\"WebSite\",\"@id\":\"http:\\\/\\\/www.anadolupatent.com.tr\\\/en\\\/#website\",\"url\":\"http:\\\/\\\/www.anadolupatent.com.tr\\\/en\\\/\",\"name\":\"Anadolu Patent\u00ae | ANKARA\",\"description\":\"\",\"publisher\":{\"@id\":\"http:\\\/\\\/www.anadolupatent.com.tr\\\/en\\\/#organization\"},\"potentialAction\":[{\"@type\":\"SearchAction\",\"target\":{\"@type\":\"EntryPoint\",\"urlTemplate\":\"http:\\\/\\\/www.anadolupatent.com.tr\\\/en\\\/?s={search_term_string}\"},\"query-input\":{\"@type\":\"PropertyValueSpecification\",\"valueRequired\":true,\"valueName\":\"search_term_string\"}}],\"inLanguage\":\"en-US\"},{\"@type\":\"Organization\",\"@id\":\"http:\\\/\\\/www.anadolupatent.com.tr\\\/en\\\/#organization\",\"name\":\"Anadolu Patent\u00ae | ANKARA\",\"url\":\"http:\\\/\\\/www.anadolupatent.com.tr\\\/en\\\/\",\"logo\":{\"@type\":\"ImageObject\",\"inLanguage\":\"en-US\",\"@id\":\"http:\\\/\\\/www.anadolupatent.com.tr\\\/en\\\/#\\\/schema\\\/logo\\\/image\\\/\",\"url\":\"\",\"contentUrl\":\"\",\"caption\":\"Anadolu Patent\u00ae | ANKARA\"},\"image\":{\"@id\":\"http:\\\/\\\/www.anadolupatent.com.tr\\\/en\\\/#\\\/schema\\\/logo\\\/image\\\/\"},\"sameAs\":[\"http:\\\/\\\/facebook.com\\\/patentanadolu\",\"https:\\\/\\\/x.com\\\/anadolupatent\"]}]}<\/script>\n<!-- \/ Yoast SEO plugin. -->","yoast_head_json":{"title":"WIPmark\u00ae Watching Service - Anadolu Patent\u00ae | ANKARA","robots":{"index":"index","follow":"follow","max-snippet":"max-snippet:-1","max-image-preview":"max-image-preview:large","max-video-preview":"max-video-preview:-1"},"canonical":"http:\/\/www.anadolupatent.com.tr\/en\/wipmark-monitoring-service\/","og_locale":"en_US","og_type":"article","og_title":"WIPmark\u00ae Watching Service - Anadolu Patent\u00ae | ANKARA","og_url":"http:\/\/www.anadolupatent.com.tr\/en\/wipmark-monitoring-service\/","og_site_name":"Anadolu Patent\u00ae | ANKARA","article_publisher":"http:\/\/facebook.com\/patentanadolu","article_modified_time":"2025-01-29T13:02:59+00:00","og_image":[{"width":1072,"height":672,"url":"http:\/\/www.anadolupatent.com.tr\/wp-content\/uploads\/2023\/11\/wipmark_bg.jpg","type":"image\/jpeg"}],"twitter_card":"summary_large_image","twitter_site":"@anadolupatent","twitter_misc":{"Est. reading time":"2 minutes"},"schema":{"@context":"https:\/\/schema.org","@graph":[{"@type":"WebPage","@id":"http:\/\/www.anadolupatent.com.tr\/en\/wipmark-monitoring-service\/","url":"http:\/\/www.anadolupatent.com.tr\/en\/wipmark-monitoring-service\/","name":"WIPmark\u00ae Watching Service - Anadolu Patent\u00ae | ANKARA","isPartOf":{"@id":"http:\/\/www.anadolupatent.com.tr\/en\/#website"},"primaryImageOfPage":{"@id":"http:\/\/www.anadolupatent.com.tr\/en\/wipmark-monitoring-service\/#primaryimage"},"image":{"@id":"http:\/\/www.anadolupatent.com.tr\/en\/wipmark-monitoring-service\/#primaryimage"},"thumbnailUrl":"http:\/\/www.anadolupatent.com.tr\/wp-content\/uploads\/2023\/11\/wipmark_bg.jpg","datePublished":"2023-11-29T19:37:51+00:00","dateModified":"2025-01-29T13:02:59+00:00","breadcrumb":{"@id":"http:\/\/www.anadolupatent.com.tr\/en\/wipmark-monitoring-service\/#breadcrumb"},"inLanguage":"en-US","potentialAction":[{"@type":"ReadAction","target":["http:\/\/www.anadolupatent.com.tr\/en\/wipmark-monitoring-service\/"]}]},{"@type":"ImageObject","inLanguage":"en-US","@id":"http:\/\/www.anadolupatent.com.tr\/en\/wipmark-monitoring-service\/#primaryimage","url":"http:\/\/www.anadolupatent.com.tr\/wp-content\/uploads\/2023\/11\/wipmark_bg.jpg","contentUrl":"http:\/\/www.anadolupatent.com.tr\/wp-content\/uploads\/2023\/11\/wipmark_bg.jpg","width":1072,"height":672},{"@type":"BreadcrumbList","@id":"http:\/\/www.anadolupatent.com.tr\/en\/wipmark-monitoring-service\/#breadcrumb","itemListElement":[{"@type":"ListItem","position":1,"name":"Anasayfa","item":"https:\/\/www.anadolupatent.com.tr\/en\/"},{"@type":"ListItem","position":2,"name":"WIPmark\u00ae Watching Service"}]},{"@type":"WebSite","@id":"http:\/\/www.anadolupatent.com.tr\/en\/#website","url":"http:\/\/www.anadolupatent.com.tr\/en\/","name":"Anadolu Patent\u00ae | ANKARA","description":"","publisher":{"@id":"http:\/\/www.anadolupatent.com.tr\/en\/#organization"},"potentialAction":[{"@type":"SearchAction","target":{"@type":"EntryPoint","urlTemplate":"http:\/\/www.anadolupatent.com.tr\/en\/?s={search_term_string}"},"query-input":{"@type":"PropertyValueSpecification","valueRequired":true,"valueName":"search_term_string"}}],"inLanguage":"en-US"},{"@type":"Organization","@id":"http:\/\/www.anadolupatent.com.tr\/en\/#organization","name":"Anadolu Patent\u00ae | ANKARA","url":"http:\/\/www.anadolupatent.com.tr\/en\/","logo":{"@type":"ImageObject","inLanguage":"en-US","@id":"http:\/\/www.anadolupatent.com.tr\/en\/#\/schema\/logo\/image\/","url":"","contentUrl":"","caption":"Anadolu Patent\u00ae | ANKARA"},"image":{"@id":"http:\/\/www.anadolupatent.com.tr\/en\/#\/schema\/logo\/image\/"},"sameAs":["http:\/\/facebook.com\/patentanadolu","https:\/\/x.com\/anadolupatent"]}]}},"_links":{"self":[{"href":"http:\/\/www.anadolupatent.com.tr\/en\/wp-json\/wp\/v2\/pages\/6471","targetHints":{"allow":["GET"]}}],"collection":[{"href":"http:\/\/www.anadolupatent.com.tr\/en\/wp-json\/wp\/v2\/pages"}],"about":[{"href":"http:\/\/www.anadolupatent.com.tr\/en\/wp-json\/wp\/v2\/types\/page"}],"author":[{"embeddable":true,"href":"http:\/\/www.anadolupatent.com.tr\/en\/wp-json\/wp\/v2\/users\/1"}],"replies":[{"embeddable":true,"href":"http:\/\/www.anadolupatent.com.tr\/en\/wp-json\/wp\/v2\/comments?post=6471"}],"version-history":[{"count":0,"href":"http:\/\/www.anadolupatent.com.tr\/en\/wp-json\/wp\/v2\/pages\/6471\/revisions"}],"wp:featuredmedia":[{"embeddable":true,"href":"http:\/\/www.anadolupatent.com.tr\/en\/wp-json\/wp\/v2\/media\/5769"}],"wp:attachment":[{"href":"http:\/\/www.anadolupatent.com.tr\/en\/wp-json\/wp\/v2\/media?parent=6471"}],"curies":[{"name":"wp","href":"https:\/\/api.w.org\/{rel}","templated":true}]}}